{"id":1616,"date":"2018-07-08T11:33:42","date_gmt":"2018-07-08T09:33:42","guid":{"rendered":"http:\/\/www.mfg-frankenland.de\/?page_id=1616"},"modified":"2022-07-12T14:34:58","modified_gmt":"2022-07-12T12:34:58","slug":"flugtage-2018","status":"publish","type":"page","link":"http:\/\/www.mfg-frankenland.de\/?page_id=1616","title":{"rendered":"Flugtage 2018"},"content":{"rendered":"<p>Flugtage 2018<\/p>\n<p>&nbsp;<\/p>\n<p>Auch die Flugtage 2018 sind wieder vorbei.<\/p>\n<p>&nbsp;<\/p>\n<p>Aus diesem Grund danke ich allen Helfern, Piloten und G\u00e4sten f\u00fcr ihr Mitwirken, bzw. Teilnahme und Besuch recht herzlich.<\/p>\n<p>Hier kommen einige Bilder, die w\u00e4hrend der zwei Tage aufgenommen wurden. Falls Ihr selbst noch Bilder habt, die ich ver\u00f6ffentlichen darf bitte mir per Mail bzw. Stick oder CD bzw. DVD zukommen lassen.<\/p>\n<div data-carousel-extra='{\"blog_id\":1,\"permalink\":\"http:\\\/\\\/www.mfg-frankenland.de\\\/?page_id=1616\",\"likes_blog_id\":false}' id='gallery-1' class='gallery galleryid-1616 gallery-columns-3 gallery-size-thumbnail'><figure class='gallery-item'>\n\t\t\t<div class='gallery-icon portrait'>\n\t\t\t\t<a href='http:\/\/www.mfg-frankenland.de\/?attachment_id=1617'><img loading=\"lazy\" decoding=\"async\" width=\"150\" height=\"150\" src=\"http:\/\/www.mfg-frankenland.de\/wp-content\/uploads\/2018\/07\/IMG_20180624_111942klein-150x150.jpg\" class=\"attachment-thumbnail size-thumbnail\" alt=\"\" data-attachment-id=\"1617\" data-orig-file=\"http:\/\/www.mfg-frankenland.de\/wp-content\/uploads\/2018\/07\/IMG_20180624_111942klein.jpg\" data-orig-size=\"816,1632\" data-comments-opened=\"0\" data-image-meta=\"{&quot;aperture&quot;:&quot;2.2&quot;,&quot;credit&quot;:&quot;&quot;,&quot;camera&quot;:&quot;RNE-L21&quot;,&quot;caption&quot;:&quot;dav&quot;,&quot;created_timestamp&quot;:&quot;1529839182&quot;,&quot;copyright&quot;:&quot;&quot;,&quot;focal_length&quot;:&quot;3.81&quot;,&quot;iso&quot;:&quot;50&quot;,&quot;shutter_speed&quot;:&quot;0.000975&quot;,&quot;title&quot;:&quot;dav&quot;,&quot;orientation&quot;:&quot;0&quot;,&quot;keywords&quot;:&quot;Array&quot;}\" data-image-title=\"dav\" data-image-description=\"\" data-medium-file=\"http:\/\/www.mfg-frankenland.de\/wp-content\/uploads\/2018\/07\/IMG_20180624_111942klein-150x300.jpg\" data-large-file=\"http:\/\/www.mfg-frankenland.de\/wp-content\/uploads\/2018\/07\/IMG_20180624_111942klein-512x1024.jpg\" \/><\/a>\n\t\t\t<\/div><\/figure><figure class='gallery-item'>\n\t\t\t<div class='gallery-icon landscape'>\n\t\t\t\t<a href='http:\/\/www.mfg-frankenland.de\/?attachment_id=1618'><img loading=\"lazy\" decoding=\"async\" width=\"150\" height=\"150\" src=\"http:\/\/www.mfg-frankenland.de\/wp-content\/uploads\/2018\/07\/IMG_20180624_130422_BURST018-150x150.jpg\" class=\"attachment-thumbnail size-thumbnail\" alt=\"\" data-attachment-id=\"1618\" data-orig-file=\"http:\/\/www.mfg-frankenland.de\/wp-content\/uploads\/2018\/07\/IMG_20180624_130422_BURST018.jpg\" data-orig-size=\"3264,1632\" data-comments-opened=\"0\" data-image-meta=\"{&quot;aperture&quot;:&quot;2.2&quot;,&quot;credit&quot;:&quot;&quot;,&quot;camera&quot;:&quot;RNE-L21&quot;,&quot;caption&quot;:&quot;burst&quot;,&quot;created_timestamp&quot;:&quot;1529845464&quot;,&quot;copyright&quot;:&quot;&quot;,&quot;focal_length&quot;:&quot;3.81&quot;,&quot;iso&quot;:&quot;50&quot;,&quot;shutter_speed&quot;:&quot;0.000531&quot;,&quot;title&quot;:&quot;burst&quot;,&quot;orientation&quot;:&quot;1&quot;,&quot;keywords&quot;:&quot;Array&quot;}\" data-image-title=\"burst\" data-image-description=\"\" data-medium-file=\"http:\/\/www.mfg-frankenland.de\/wp-content\/uploads\/2018\/07\/IMG_20180624_130422_BURST018-300x150.jpg\" data-large-file=\"http:\/\/www.mfg-frankenland.de\/wp-content\/uploads\/2018\/07\/IMG_20180624_130422_BURST018-1024x512.jpg\" \/><\/a>\n\t\t\t<\/div><\/figure><figure class='gallery-item'>\n\t\t\t<div class='gallery-icon landscape'>\n\t\t\t\t<a href='http:\/\/www.mfg-frankenland.de\/?attachment_id=1619'><img loading=\"lazy\" decoding=\"async\" width=\"150\" height=\"150\" src=\"http:\/\/www.mfg-frankenland.de\/wp-content\/uploads\/2018\/07\/IMG_20180624_130528_BURST017-150x150.jpg\" class=\"attachment-thumbnail size-thumbnail\" alt=\"\" data-attachment-id=\"1619\" data-orig-file=\"http:\/\/www.mfg-frankenland.de\/wp-content\/uploads\/2018\/07\/IMG_20180624_130528_BURST017.jpg\" data-orig-size=\"3264,1632\" data-comments-opened=\"0\" data-image-meta=\"{&quot;aperture&quot;:&quot;2.2&quot;,&quot;credit&quot;:&quot;&quot;,&quot;camera&quot;:&quot;RNE-L21&quot;,&quot;caption&quot;:&quot;burst&quot;,&quot;created_timestamp&quot;:&quot;1529845530&quot;,&quot;copyright&quot;:&quot;&quot;,&quot;focal_length&quot;:&quot;3.81&quot;,&quot;iso&quot;:&quot;50&quot;,&quot;shutter_speed&quot;:&quot;0.00065&quot;,&quot;title&quot;:&quot;burst&quot;,&quot;orientation&quot;:&quot;1&quot;,&quot;keywords&quot;:&quot;Array&quot;}\" data-image-title=\"burst\" data-image-description=\"\" data-medium-file=\"http:\/\/www.mfg-frankenland.de\/wp-content\/uploads\/2018\/07\/IMG_20180624_130528_BURST017-300x150.jpg\" data-large-file=\"http:\/\/www.mfg-frankenland.de\/wp-content\/uploads\/2018\/07\/IMG_20180624_130528_BURST017-1024x512.jpg\" \/><\/a>\n\t\t\t<\/div><\/figure><figure class='gallery-item'>\n\t\t\t<div class='gallery-icon landscape'>\n\t\t\t\t<a href='http:\/\/www.mfg-frankenland.de\/?attachment_id=1620'><img loading=\"lazy\" decoding=\"async\" width=\"150\" height=\"150\" src=\"http:\/\/www.mfg-frankenland.de\/wp-content\/uploads\/2018\/07\/IMG_20180624_141131_BURST002-150x150.jpg\" class=\"attachment-thumbnail size-thumbnail\" alt=\"\" data-attachment-id=\"1620\" data-orig-file=\"http:\/\/www.mfg-frankenland.de\/wp-content\/uploads\/2018\/07\/IMG_20180624_141131_BURST002.jpg\" data-orig-size=\"3264,1632\" data-comments-opened=\"0\" data-image-meta=\"{&quot;aperture&quot;:&quot;2.2&quot;,&quot;credit&quot;:&quot;&quot;,&quot;camera&quot;:&quot;RNE-L21&quot;,&quot;caption&quot;:&quot;burst&quot;,&quot;created_timestamp&quot;:&quot;1529849491&quot;,&quot;copyright&quot;:&quot;&quot;,&quot;focal_length&quot;:&quot;3.81&quot;,&quot;iso&quot;:&quot;50&quot;,&quot;shutter_speed&quot;:&quot;0.000924&quot;,&quot;title&quot;:&quot;burst&quot;,&quot;orientation&quot;:&quot;1&quot;,&quot;keywords&quot;:&quot;Array&quot;}\" data-image-title=\"burst\" data-image-description=\"\" data-medium-file=\"http:\/\/www.mfg-frankenland.de\/wp-content\/uploads\/2018\/07\/IMG_20180624_141131_BURST002-300x150.jpg\" data-large-file=\"http:\/\/www.mfg-frankenland.de\/wp-content\/uploads\/2018\/07\/IMG_20180624_141131_BURST002-1024x512.jpg\" \/><\/a>\n\t\t\t<\/div><\/figure><figure class='gallery-item'>\n\t\t\t<div class='gallery-icon landscape'>\n\t\t\t\t<a href='http:\/\/www.mfg-frankenland.de\/?attachment_id=1621'><img loading=\"lazy\" decoding=\"async\" width=\"150\" height=\"150\" src=\"http:\/\/www.mfg-frankenland.de\/wp-content\/uploads\/2018\/07\/IMG_20180624_141551klein-150x150.jpg\" class=\"attachment-thumbnail size-thumbnail\" alt=\"\" data-attachment-id=\"1621\" data-orig-file=\"http:\/\/www.mfg-frankenland.de\/wp-content\/uploads\/2018\/07\/IMG_20180624_141551klein.jpg\" data-orig-size=\"1632,816\" data-comments-opened=\"0\" data-image-meta=\"{&quot;aperture&quot;:&quot;2.2&quot;,&quot;credit&quot;:&quot;&quot;,&quot;camera&quot;:&quot;RNE-L21&quot;,&quot;caption&quot;:&quot;dav&quot;,&quot;created_timestamp&quot;:&quot;1529849751&quot;,&quot;copyright&quot;:&quot;&quot;,&quot;focal_length&quot;:&quot;3.81&quot;,&quot;iso&quot;:&quot;50&quot;,&quot;shutter_speed&quot;:&quot;0.000409&quot;,&quot;title&quot;:&quot;dav&quot;,&quot;orientation&quot;:&quot;0&quot;,&quot;keywords&quot;:&quot;Array&quot;}\" data-image-title=\"dav\" data-image-description=\"\" data-medium-file=\"http:\/\/www.mfg-frankenland.de\/wp-content\/uploads\/2018\/07\/IMG_20180624_141551klein-300x150.jpg\" data-large-file=\"http:\/\/www.mfg-frankenland.de\/wp-content\/uploads\/2018\/07\/IMG_20180624_141551klein-1024x512.jpg\" \/><\/a>\n\t\t\t<\/div><\/figure>\n\t\t<\/div>\n\n<p>So das wars f\u00fcrs erste.<\/p>\n<p>Wir werden auch dieses Jahr wieder Jugendtage im Rahmen des Ferienprogramms der Gemeide Windelsbach veranstalten. Falls Ihr noch Fragen habt, k\u00f6nnt Ihr euch gerne an mich wenden.<\/p>\n<p>Mit freundlichen Gr\u00fc\u00dfen<\/p>\n<p>J\u00fcrgen Dorsch<\/p>\n<p>2. Vorstand MFG Frankenland e.V.<\/p>","protected":false},"excerpt":{"rendered":"<p>Flugtage 2018 &nbsp; Auch die Flugtage 2018 sind wieder vorbei. &nbsp; Aus diesem Grund danke ich allen Helfern, Piloten und G\u00e4sten f\u00fcr ihr Mitwirken, bzw. Teilnahme und Besuch recht herzlich. Hier kommen einige Bilder, die w\u00e4hrend der zwei Tage aufgenommen wurden. Falls Ihr selbst noch Bilder habt, die ich ver\u00f6ffentlichen darf bitte mir per Mail &hellip; <a href=\"http:\/\/www.mfg-frankenland.de\/?page_id=1616\" class=\"more-link\"><span class=\"screen-reader-text\">Flugtage 2018<\/span> weiterlesen <span class=\"meta-nav\">&rarr;<\/span><\/a><\/p>\n","protected":false},"author":2,"featured_media":0,"parent":337,"menu_order":0,"comment_status":"closed","ping_status":"closed","template":"","meta":{"footnotes":""},"_links":{"self":[{"href":"http:\/\/www.mfg-frankenland.de\/index.php?rest_route=\/wp\/v2\/pages\/1616"}],"collection":[{"href":"http:\/\/www.mfg-frankenland.de\/index.php?rest_route=\/wp\/v2\/pages"}],"about":[{"href":"http:\/\/www.mfg-frankenland.de\/index.php?rest_route=\/wp\/v2\/types\/page"}],"author":[{"embeddable":true,"href":"http:\/\/www.mfg-frankenland.de\/index.php?rest_route=\/wp\/v2\/users\/2"}],"replies":[{"embeddable":true,"href":"http:\/\/www.mfg-frankenland.de\/index.php?rest_route=%2Fwp%2Fv2%2Fcomments&post=1616"}],"version-history":[{"count":1,"href":"http:\/\/www.mfg-frankenland.de\/index.php?rest_route=\/wp\/v2\/pages\/1616\/revisions"}],"predecessor-version":[{"id":1622,"href":"http:\/\/www.mfg-frankenland.de\/index.php?rest_route=\/wp\/v2\/pages\/1616\/revisions\/1622"}],"up":[{"embeddable":true,"href":"http:\/\/www.mfg-frankenland.de\/index.php?rest_route=\/wp\/v2\/pages\/337"}],"wp:attachment":[{"href":"http:\/\/www.mfg-frankenland.de\/index.php?rest_route=%2Fwp%2Fv2%2Fmedia&parent=1616"}],"curies":[{"name":"wp","href":"https:\/\/api.w.org\/{rel}","templated":true}]}}