{"id":74,"date":"2014-06-02T01:28:04","date_gmt":"2014-06-01T23:28:04","guid":{"rendered":"http:\/\/www.mfg-frankenland.de\/?page_id=74"},"modified":"2014-06-20T00:35:58","modified_gmt":"2014-06-19T22:35:58","slug":"kontakt","status":"publish","type":"page","link":"https:\/\/www.mfg-frankenland.de\/?page_id=74","title":{"rendered":"Kontakt"},"content":{"rendered":"<p>F\u00fcr Informationen, Anregungen und Fragen stehen wir Euch gerne zur Verf\u00fcgung.<br \/>\nBitte nutzt daf\u00fcr unser Kontaktformular:<\/p>\n<p><span style=\"margin-bottom: 15px;\">[contact_form]<\/span><\/p>","protected":false},"excerpt":{"rendered":"<p>F\u00fcr Informationen, Anregungen und Fragen stehen wir Euch gerne zur Verf\u00fcgung. Bitte nutzt daf\u00fcr unser Kontaktformular: [contact_form]<\/p>\n","protected":false},"author":1,"featured_media":0,"parent":0,"menu_order":0,"comment_status":"closed","ping_status":"closed","template":"page-templates\/full-width.php","meta":{"footnotes":""},"_links":{"self":[{"href":"https:\/\/www.mfg-frankenland.de\/index.php?rest_route=\/wp\/v2\/pages\/74"}],"collection":[{"href":"https:\/\/www.mfg-frankenland.de\/index.php?rest_route=\/wp\/v2\/pages"}],"about":[{"href":"https:\/\/www.mfg-frankenland.de\/index.php?rest_route=\/wp\/v2\/types\/page"}],"author":[{"embeddable":true,"href":"https:\/\/www.mfg-frankenland.de\/index.php?rest_route=\/wp\/v2\/users\/1"}],"replies":[{"embeddable":true,"href":"https:\/\/www.mfg-frankenland.de\/index.php?rest_route=%2Fwp%2Fv2%2Fcomments&post=74"}],"version-history":[{"count":3,"href":"https:\/\/www.mfg-frankenland.de\/index.php?rest_route=\/wp\/v2\/pages\/74\/revisions"}],"predecessor-version":[{"id":527,"href":"https:\/\/www.mfg-frankenland.de\/index.php?rest_route=\/wp\/v2\/pages\/74\/revisions\/527"}],"wp:attachment":[{"href":"https:\/\/www.mfg-frankenland.de\/index.php?rest_route=%2Fwp%2Fv2%2Fmedia&parent=74"}],"curies":[{"name":"wp","href":"https:\/\/api.w.org\/{rel}","templated":true}]}}